{"id":23,"date":"2023-01-18T14:31:49","date_gmt":"2023-01-18T13:31:49","guid":{"rendered":"https:\/\/dev.katag.net\/?page_id=23"},"modified":"2023-10-10T13:43:13","modified_gmt":"2023-10-10T11:43:13","slug":"impressum","status":"publish","type":"page","link":"https:\/\/dev.katag.net\/en\/impressum\/","title":{"rendered":"Impressum"},"content":{"rendered":"<p>[et_pb_section fb_built=&#8220;1&#8243; _builder_version=&#8220;4.19.4&#8243; _module_preset=&#8220;default&#8220; da_disable_devices=&#8220;off|off|off&#8220; global_colors_info=&#8220;{}&#8220; da_is_popup=&#8220;off&#8220; da_exit_intent=&#8220;off&#8220; da_has_close=&#8220;on&#8220; da_alt_close=&#8220;off&#8220; da_dark_close=&#8220;off&#8220; da_not_modal=&#8220;on&#8220; da_is_singular=&#8220;off&#8220; da_with_loader=&#8220;off&#8220; da_has_shadow=&#8220;on&#8220;][et_pb_row _builder_version=&#8220;4.19.4&#8243; _module_preset=&#8220;default&#8220; global_colors_info=&#8220;{}&#8220;][et_pb_column type=&#8220;4_4&#8243; _builder_version=&#8220;4.19.4&#8243; _module_preset=&#8220;default&#8220; global_colors_info=&#8220;{}&#8220;][et_pb_text _builder_version=&#8220;4.22.2&#8243; _module_preset=&#8220;default&#8220; header_text_color=&#8220;#B31A19&#8243; global_colors_info=&#8220;{}&#8220;]<\/p>\n<h1 style=\"font-weight: 400;\"><strong>IMPRINT<\/strong><\/h1>\n<p><strong><\/strong><\/p>\n<p><strong><\/strong><\/p>\n<p><strong><\/strong><\/p>\n<p><strong><\/strong><\/p>\n<p><strong><\/strong><\/p>\n<p><strong><\/strong><\/p>\n<p><strong><\/strong><\/p>\n<p><strong><\/strong><\/p>\n<p><strong><\/strong><\/p>\n<p style=\"font-weight: 400;\">KATAG AG<\/p>\n<p style=\"font-weight: 400;\">Ingrid Hertsch (Vorsitzende des Aufsichtsrates)<br \/>Dr. Daniel Terberger (Vorstandsvorsitzender)<br \/>Dr. Christian Freckem (stellv. Vorstand)<br \/>Knut Brokelmann (Vorstand)<\/p>\n<p style=\"font-weight: 400;\">Stralsunder Stra\u00dfe 5<br \/>33605 Bielefeld<br \/>+49 (0)521 292-0<br \/>+49 (0)521 292-101<\/p>\n<p style=\"font-weight: 400;\"><a href=\"mailto:info@katag.net\">info@katag.net<\/a><br \/><a href=\"http:\/\/www.katag.net\/\">www.katag.net<\/a><br \/>Sitz: Bielefeld<\/p>\n<p style=\"font-weight: 400;\">Registergericht und Handelsregisternummer:<br \/>Amtsgericht Bielefeld HR B 7313<\/p>\n<p style=\"font-weight: 400;\">Ust-Id-Nr: 123998651<\/p>\n<p>[\/et_pb_text][\/et_pb_column][\/et_pb_row][et_pb_row _builder_version=&#8220;4.19.4&#8243; _module_preset=&#8220;default&#8220; custom_padding=&#8220;||0px|||&#8220; global_colors_info=&#8220;{}&#8220;][et_pb_column type=&#8220;4_4&#8243; _builder_version=&#8220;4.19.4&#8243; _module_preset=&#8220;default&#8220; global_colors_info=&#8220;{}&#8220;][et_pb_text _builder_version=&#8220;4.22.2&#8243; _module_preset=&#8220;default&#8220; header_2_text_color=&#8220;#B31A19&#8243; global_colors_info=&#8220;{}&#8220;]<\/p>\n<h2 style=\"font-weight: 400;\"><strong>DATA PRIVACY<\/strong><\/h2>\n<p><strong><\/strong><\/p>\n<h3 style=\"font-weight: 400;\"><strong>Datenschutzerkl\u00e4rung der KATAG AG:<\/strong><\/h3>\n<p style=\"font-weight: 400;\">Grunds\u00e4tzlich gilt f\u00fcr die Seiten der KATAG AG, dass der Schutz Ihrer Privatsph\u00e4re f\u00fcr uns von h\u00f6chster Bedeutung ist. Deshalb ist das Einhalten der gesetzlichen Bestimmungen zum Datenschutz f\u00fcr uns selbstverst\u00e4ndlich. Dar\u00fcber hinaus ist es uns wichtig, dass Sie jederzeit wissen, wann wir welche Daten speichern und wie wir sie verwenden. Wir sichern Ihnen zu, dass Ihre Angaben entsprechend den geltenden deutschen datenschutzrechtlichen Bestimmungen vertraulich behandelt werden.<\/p>\n<p>[\/et_pb_text][\/et_pb_column][\/et_pb_row][et_pb_row _builder_version=&#8220;4.19.4&#8243; _module_preset=&#8220;default&#8220; global_colors_info=&#8220;{}&#8220;][et_pb_column type=&#8220;4_4&#8243; _builder_version=&#8220;4.19.4&#8243; _module_preset=&#8220;default&#8220; global_colors_info=&#8220;{}&#8220;][et_pb_text _builder_version=&#8220;4.22.2&#8243; _module_preset=&#8220;default&#8220; min_height=&#8220;351px&#8220; custom_margin=&#8220;-14px|-1px||||&#8220; global_colors_info=&#8220;{}&#8220;]<\/p>\n<h3 style=\"font-weight: 400;\"><strong>Speicherung personenbezogener Daten:<\/strong><\/h3>\n<p style=\"font-weight: 400;\">Unser Angebot wird bei einem Content-Provider gehostet. Von diesem erhalten wir keine personenbezogenen Daten \u00fcber Zugriffe auf unsere Seiten. Die gespeicherten Daten werden ausschlie\u00dflich zu statistischen Zwecken ausgewertet.<\/p>\n<h3 style=\"font-weight: 400;\"><strong>Pers\u00f6nliche Daten:<\/strong><\/h3>\n<p style=\"font-weight: 400;\">Pers\u00f6nliche Daten werden durch KATAG AG nur dann erhoben, wenn Sie aktiv direkt mit uns Kontakt aufnehmen, z. B. per Email. Dar\u00fcber hinaus werden pers\u00f6nliche Daten nur dann gespeichert, wenn Sie uns diese von sich aus, z. B. im Rahmen einer Registrierung, einer Umfrage, eines Preisausschreibens oder zur Durchf\u00fchrung eines Vertrags angeben. Wir verwenden Ihre personenbezogenen Informationen im Falle von Produktbestellungen nur innerhalb der KATAG AG und mit ihr verbundenen Unternehmen und geben sie ansonsten nicht an Dritte weiter, bevor wir nicht Ihr ausdr\u00fcckliches Einverst\u00e4ndnis dazu eingeholt haben. Wir wissen das Vertrauen zu sch\u00e4tzen, das Sie uns entgegenbringen, und wenden \u00e4u\u00dferste Sorgfalt an, um Ihre pers\u00f6nlichen Angaben zu sch\u00fctzen.<\/p>\n<h3 style=\"font-weight: 400;\"><strong>Nutzung von Cookies:<\/strong><\/h3>\n<p style=\"font-weight: 400;\">Cookies sind kleine Textdateien, die derzeit von Tausenden Websites verwendet werden, um regelm\u00e4\u00dfige Besucher zu identifizieren. Cookies der KATAG AG enthalten keinerlei Informationen \u00fcber Sie, sondern nur eine Kennzahl, die au\u00dferhalb der Seiten der KATAG AG keine Bedeutung hat. Mithilfe dieser Cookies kann die KATAG AG Inhalte der Sites genau auf die Bed\u00fcrfnisse unserer Besucher abstimmen und z.B.: ein Intranet erm\u00f6glichen.<\/p>\n<p style=\"font-weight: 400;\">[\/et_pb_text][\/et_pb_column][\/et_pb_row][et_pb_row _builder_version=&#8220;4.19.4&#8243; _module_preset=&#8220;default&#8220; min_height=&#8220;442.9px&#8220; custom_margin=&#8220;-30px|auto||auto||&#8220; custom_padding=&#8220;15px|||||&#8220; global_colors_info=&#8220;{}&#8220;][et_pb_column type=&#8220;4_4&#8243; _builder_version=&#8220;4.19.4&#8243; _module_preset=&#8220;default&#8220; global_colors_info=&#8220;{}&#8220;][et_pb_text _builder_version=&#8220;4.22.2&#8243; _module_preset=&#8220;default&#8220; global_colors_info=&#8220;{}&#8220;]<\/p>\n<h3 style=\"font-weight: 400;\"><strong>Externe Links:<\/strong><\/h3>\n<p style=\"font-weight: 400;\">F\u00fcr Inhalte anderer Webseiten, auf die Sie \u00fcber unsere Links gelangen k\u00f6nnen, \u00fcbernehmen wir keine Verantwortung.<\/p>\n<h3 style=\"font-weight: 400;\"><strong>Hinweise zum Urheberrecht und zur Haftung:<\/strong><\/h3>\n<p style=\"font-weight: 400;\">Alle angebotenen Inhalte dienen ausschlie\u00dflich der Information. Die in dieser Site \u00f6ffentlich zug\u00e4nglich gemachten Dokumente einschlie\u00dflich anderer dazugeh\u00f6riger Daten wie z.B. Bilder, Grafiken, Programmiercodes sind urheberrechtlich gesch\u00fctzt. Verantwortlich f\u00fcr die Inhalte sind die jeweiligen Autoren. F\u00fcr Dokumente, die in elektronischer Form \u00fcber Datennetze angeboten werden, gilt uneingeschr\u00e4nkt das Urheberrechtsgesetz (UrhG). Insbesondere gilt:<\/p>\n<p style=\"font-weight: 400;\">Einzelne Vervielf\u00e4ltigungen, z.B. Kopien und Ausdrucke, d\u00fcrfen nur zum privaten und sonstigen eigenen Gebrauch angefertigt werden (Paragraph 53 UrhG). Die Herstellung und Verbreitung von weiteren Reproduktionen ist nur mit ausdr\u00fccklicher Genehmigung des Urhebers gestattet. Der Benutzer ist f\u00fcr die Einhaltung der Rechtsvorschriften selbst verantwortlich und kann bei Missbrauch haftbar gemacht werden.Alle Inhalte dieser Internetpr\u00e4sentation werden wiedergegeben ohne Gew\u00e4hr f\u00fcr ihre Richtigkeit, Aktualit\u00e4t und Vollst\u00e4ndigkeit. In keinem Fall wird f\u00fcr Sch\u00e4den, die sich aus der Verwendung der abgerufenen Informationen ergeben, eine Haftung \u00fcbernommen. F\u00fcr die Inhalte der \u00fcber Hyperlinks verbundenen Angebote auf andere Sites sind die jeweiligen Betreiber verantwortlich.Die Wiedergabe von Namen und Marken sowie in den \u00f6ffentlich zug\u00e4nglich gemachten Dokumenten berechtigt auch ohne besondere Kennzeichnung nicht zu der Annahme, dass solche Namen und Marken im Sinne des Wettbewerbs- und Markenrechts als frei zu betrachten sind und von jedermann benutzt werden d\u00fcrfen. Alle angebotenen Inhalte und Dienste sowie s\u00e4mtliches mit dieser Site zusammenh\u00e4ngendes Tun, Dulden oder Unterlassen unterliegt ausschlie\u00dflich deutschem Recht.<\/p>\n<p>[\/et_pb_text][\/et_pb_column][\/et_pb_row][et_pb_row _builder_version=&#8220;4.19.4&#8243; _module_preset=&#8220;default&#8220; global_colors_info=&#8220;{}&#8220;][et_pb_column type=&#8220;4_4&#8243; _builder_version=&#8220;4.19.4&#8243; _module_preset=&#8220;default&#8220; global_colors_info=&#8220;{}&#8220;][et_pb_text _builder_version=&#8220;4.19.4&#8243; _module_preset=&#8220;default&#8220; custom_margin=&#8220;-23px|||||&#8220; global_colors_info=&#8220;{}&#8220;]<\/p>\n<p style=\"font-weight: 400;\"><strong>Stand: 19.01.2023<\/strong><\/p>\n<p>[\/et_pb_text][\/et_pb_column][\/et_pb_row][et_pb_row _builder_version=&#8220;4.19.4&#8243; _module_preset=&#8220;default&#8220; custom_margin=&#8220;-42px|auto||auto||&#8220; global_colors_info=&#8220;{}&#8220;][et_pb_column type=&#8220;4_4&#8243; _builder_version=&#8220;4.19.4&#8243; _module_preset=&#8220;default&#8220; global_colors_info=&#8220;{}&#8220;][et_pb_text _builder_version=&#8220;4.22.2&#8243; _module_preset=&#8220;default&#8220; min_height=&#8220;427px&#8220; custom_margin=&#8220;||-32px|||&#8220; global_colors_info=&#8220;{}&#8220;]<\/p>\n<h3 style=\"font-weight: 400;\"><strong>Google Analytics<\/strong><\/h3>\n<p style=\"font-weight: 400;\">Diese Website benutzt Google Analytics, einen Webanalysedienst der Google Inc. (\u201eGoogle\u201c). Google Analytics verwendet sog. \u201eCookies\u201c, Textdateien, die auf Ihrem Computer gespeichert werden und die eine Analyse der Benutzung der Website durch Sie erm\u00f6glichen. Die durch den Cookie erzeugten Informationen \u00fcber Ihre Benutzung dieser Website werden in der Regel an einen Server von Google in den USA \u00fcbertragen und dort gespeichert. Im Falle der Aktivierung der IP-Anonymisierung auf dieser Webseite, wird Ihre IP-Adresse von Google jedoch innerhalb von Mitgliedstaaten der Europ\u00e4ischen Union oder in anderen Vertragsstaaten des Abkommens \u00fcber den Europ\u00e4ischen Wirtschaftsraum zuvor gek\u00fcrzt. Nur in Ausnahmef\u00e4llen wird die volle IP-Adresse an einen Server von Google in den USA \u00fcbertragen und dort gek\u00fcrzt. Im Auftrag des Betreibers dieser Website wird Google diese Informationen benutzen, um Ihre Nutzung der Website auszuwerten, um Reports \u00fcber die Websiteaktivit\u00e4ten zusammenzustellen und um weitere mit der Websitenutzung und der Internetnutzung verbundene Dienstleistungen gegen\u00fcber dem Websitebetreiber zu erbringen. Die im Rahmen von Google Analytics von Ihrem Browser \u00fcbermittelte IP-Adresse wird nicht mit anderen Daten von Google zusammengef\u00fchrt. Sie k\u00f6nnen die Speicherung der Cookies durch eine entsprechende Einstellung Ihrer Browser-Software verhindern; wir weisen Sie jedoch darauf hin, dass Sie in diesem Fall gegebenenfalls nicht s\u00e4mtliche Funktionen dieser Website vollumf\u00e4nglich werden nutzen k\u00f6nnen. Sie k\u00f6nnen dar\u00fcber hinaus die Erfassung der durch das Cookie erzeugten und auf Ihre Nutzung der Website bezogenen Daten (inkl. Ihrer IP-Adresse) an Google sowie die Verarbeitung dieser Daten durch Google verhindern, indem sie das unter dem folgenden Link (http:\/\/tools.google.com\/dlpage\/gaoptout?hl=de) verf\u00fcgbare Browser-Plugin herunterladen und installieren.<\/p>\n<p style=\"font-weight: 400;\">N\u00e4here Informationen hierzu finden Sie unter\u00a0<a href=\"http:\/\/tools.google.com\/dlpage\/gaoptout?hl=de\">http:\/\/tools.google.com\/dlpage\/gaoptout?hl=de<\/a>\u00a0bzw. unter\u00a0<a href=\"http:\/\/www.google.com\/intl\/de\/analytics\/privacyoverview.html\">http:\/\/www.google.com\/intl\/de\/analytics\/privacyoverview.html<\/a>(allgemeine Informationen zu Google Analytics und Datenschutz). Wir weisen Sie darauf hin, dass auf dieser Webseite Google Analytics um den Code \u201egat._anonymizeIp();\u201c erweitert wurde, um eine anonymisierte Erfassung von IP-Adressen (sog. IP-Masking) zu gew\u00e4hrleisten.<\/p>\n<p>[\/et_pb_text][\/et_pb_column][\/et_pb_row][et_pb_row _builder_version=&#8220;4.19.4&#8243; _module_preset=&#8220;default&#8220; min_height=&#8220;429.9px&#8220; global_colors_info=&#8220;{}&#8220;][et_pb_column type=&#8220;4_4&#8243; _builder_version=&#8220;4.19.4&#8243; _module_preset=&#8220;default&#8220; global_colors_info=&#8220;{}&#8220;][et_pb_text _builder_version=&#8220;4.22.2&#8243; _module_preset=&#8220;default&#8220; global_colors_info=&#8220;{}&#8220;]<\/p>\n<h3 style=\"font-weight: 400;\"><strong>Kontaktaufnahme<\/strong><\/h3>\n<p style=\"font-weight: 400;\">Bei der Kontaktaufnahme mit uns (z.B. per Kontaktformular, E-Mail, Telefon oder via sozialer Medien) werden die Angaben des Nutzers zur Bearbeitung der Kontaktanfrage und deren Abwicklung gem. Art. 6 Abs. 1 lit. b) DSGVO verarbeitet. Die Angaben der Nutzer k\u00f6nnen in einem Customer-Relationship-Management System (\u201eCRM System\u201c) oder vergleichbarer Anfragenorganisation gespeichert werden. Wir l\u00f6schen die Anfragen, sofern diese nicht mehr erforderlich sind. Wir \u00fcberpr\u00fcfen die Erforderlichkeit alle zwei Jahre; Ferner gelten die gesetzlichen Archivierungspflichten.<\/p>\n<h3 style=\"font-weight: 400;\"><strong>Google Maps<\/strong><\/h3>\n<p style=\"font-weight: 400;\">Wir binden die Landkarten des Dienstes \u201cGoogle Maps\u201d des Anbieters Google LLC, 1600 Amphitheatre Parkway, Mountain View, CA 94043, USA, ein. Datenschutzerkl\u00e4rung:\u00a0<a href=\"https:\/\/www.google.com\/policies\/privacy\/\">https:\/\/www.google.com\/policies\/privacy\/<\/a>, Opt-Out:\u00a0<a href=\"https:\/\/adssettings.google.com\/authenticated\">https:\/\/adssettings.google.com\/authenticated<\/a>.<\/p>\n<h3 style=\"font-weight: 400;\"><strong>Youtube<\/strong><\/h3>\n<p style=\"font-weight: 400;\">Wir binden die Videos der Plattform \u201cYouTube\u201d des Anbieters Google LLC, 1600 Amphitheatre Parkway, Mountain View, CA 94043, USA, ein. Datenschutzerkl\u00e4rung:\u00a0<a href=\"https:\/\/www.google.com\/policies\/privacy\/\">https:\/\/www.google.com\/policies\/privacy\/<\/a>, Opt-Out:\u00a0<a href=\"https:\/\/adssettings.google.com\/authenticated\">https:\/\/adssettings.google.com\/authenticated<\/a>.<\/p>\n<p>[\/et_pb_text][\/et_pb_column][\/et_pb_row][\/et_pb_section]<\/p>","protected":false},"excerpt":{"rendered":"<p>IMPRESSUM KATAG AG Ingrid Hertsch (Vorsitzende des Aufsichtsrates)Dr. Daniel Terberger (Vorstandsvorsitzender)Dr. Christian Freckem (stellv. Vorstand)Knut Brokelmann (Vorstand) Stralsunder Stra\u00dfe 533605 Bielefeld+49 (0)521 292-0+49 (0)521 292-101 info@katag.netwww.katag.netSitz: Bielefeld Registergericht und Handelsregisternummer:Amtsgericht Bielefeld HR B 7313 Ust-Id-Nr: 123998651DATENSCHUTZ Datenschutzerkl\u00e4rung der KATAG AG: Grunds\u00e4tzlich gilt f\u00fcr die Seiten der KATAG AG, dass der Schutz Ihrer Privatsph\u00e4re f\u00fcr uns [&hellip;]<\/p>","protected":false},"author":19,"featured_media":0,"parent":0,"menu_order":0,"comment_status":"closed","ping_status":"closed","template":"","meta":{"_et_pb_use_builder":"on","_et_pb_old_content":"","_et_gb_content_width":"","footnotes":""},"class_list":["post-23","page","type-page","status-publish","hentry"],"yoast_head":"<!-- This site is optimized with the Yoast SEO plugin v27.0 - https:\/\/yoast.com\/product\/yoast-seo-wordpress\/ -->\n<title>Impressum - Katag Development<\/title>\n<meta name=\"robots\" content=\"index, follow, max-snippet:-1, max-image-preview:large, max-video-preview:-1\" \/>\n<link rel=\"canonical\" href=\"https:\/\/dev.katag.net\/en\/impressum\/\" \/>\n<meta property=\"og:locale\" content=\"en_US\" \/>\n<meta property=\"og:type\" content=\"article\" \/>\n<meta property=\"og:title\" content=\"Impressum - Katag Development\" \/>\n<meta property=\"og:description\" content=\"IMPRESSUM KATAG AG Ingrid Hertsch (Vorsitzende des Aufsichtsrates)Dr. Daniel Terberger (Vorstandsvorsitzender)Dr. Christian Freckem (stellv. Vorstand)Knut Brokelmann (Vorstand) Stralsunder Stra\u00dfe 533605 Bielefeld+49 (0)521 292-0+49 (0)521 292-101 info@katag.netwww.katag.netSitz: Bielefeld Registergericht und Handelsregisternummer:Amtsgericht Bielefeld HR B 7313 Ust-Id-Nr: 123998651DATENSCHUTZ Datenschutzerkl\u00e4rung der KATAG AG: Grunds\u00e4tzlich gilt f\u00fcr die Seiten der KATAG AG, dass der Schutz Ihrer Privatsph\u00e4re f\u00fcr uns [&hellip;]\" \/>\n<meta property=\"og:url\" content=\"https:\/\/dev.katag.net\/en\/impressum\/\" \/>\n<meta property=\"og:site_name\" content=\"Katag Development\" \/>\n<meta property=\"article:modified_time\" content=\"2023-10-10T11:43:13+00:00\" \/>\n<meta name=\"twitter:card\" content=\"summary_large_image\" \/>\n<meta name=\"twitter:label1\" content=\"Est. reading time\" \/>\n\t<meta name=\"twitter:data1\" content=\"8 minutes\" \/>\n<script type=\"application\/ld+json\" class=\"yoast-schema-graph\">{\"@context\":\"https:\/\/schema.org\",\"@graph\":[{\"@type\":\"WebPage\",\"@id\":\"https:\/\/dev.katag.net\/impressum\/\",\"url\":\"https:\/\/dev.katag.net\/impressum\/\",\"name\":\"Impressum - Katag Development\",\"isPartOf\":{\"@id\":\"https:\/\/dev.katag.net\/#website\"},\"datePublished\":\"2023-01-18T13:31:49+00:00\",\"dateModified\":\"2023-10-10T11:43:13+00:00\",\"breadcrumb\":{\"@id\":\"https:\/\/dev.katag.net\/impressum\/#breadcrumb\"},\"inLanguage\":\"en-US\",\"potentialAction\":[{\"@type\":\"ReadAction\",\"target\":[\"https:\/\/dev.katag.net\/impressum\/\"]}]},{\"@type\":\"BreadcrumbList\",\"@id\":\"https:\/\/dev.katag.net\/impressum\/#breadcrumb\",\"itemListElement\":[{\"@type\":\"ListItem\",\"position\":1,\"name\":\"Startseite\",\"item\":\"https:\/\/dev.katag.net\/\"},{\"@type\":\"ListItem\",\"position\":2,\"name\":\"Impressum\"}]},{\"@type\":\"WebSite\",\"@id\":\"https:\/\/dev.katag.net\/#website\",\"url\":\"https:\/\/dev.katag.net\/\",\"name\":\"Katag Development\",\"description\":\"Eine weitere Katag AG Websites Website\",\"potentialAction\":[{\"@type\":\"SearchAction\",\"target\":{\"@type\":\"EntryPoint\",\"urlTemplate\":\"https:\/\/dev.katag.net\/?s={search_term_string}\"},\"query-input\":{\"@type\":\"PropertyValueSpecification\",\"valueRequired\":true,\"valueName\":\"search_term_string\"}}],\"inLanguage\":\"en-US\"}]}<\/script>\n<!-- \/ Yoast SEO plugin. -->","yoast_head_json":{"title":"Impressum - Katag Development","robots":{"index":"index","follow":"follow","max-snippet":"max-snippet:-1","max-image-preview":"max-image-preview:large","max-video-preview":"max-video-preview:-1"},"canonical":"https:\/\/dev.katag.net\/en\/impressum\/","og_locale":"en_US","og_type":"article","og_title":"Impressum - Katag Development","og_description":"IMPRESSUM KATAG AG Ingrid Hertsch (Vorsitzende des Aufsichtsrates)Dr. Daniel Terberger (Vorstandsvorsitzender)Dr. Christian Freckem (stellv. Vorstand)Knut Brokelmann (Vorstand) Stralsunder Stra\u00dfe 533605 Bielefeld+49 (0)521 292-0+49 (0)521 292-101 info@katag.netwww.katag.netSitz: Bielefeld Registergericht und Handelsregisternummer:Amtsgericht Bielefeld HR B 7313 Ust-Id-Nr: 123998651DATENSCHUTZ Datenschutzerkl\u00e4rung der KATAG AG: Grunds\u00e4tzlich gilt f\u00fcr die Seiten der KATAG AG, dass der Schutz Ihrer Privatsph\u00e4re f\u00fcr uns [&hellip;]","og_url":"https:\/\/dev.katag.net\/en\/impressum\/","og_site_name":"Katag Development","article_modified_time":"2023-10-10T11:43:13+00:00","twitter_card":"summary_large_image","twitter_misc":{"Est. reading time":"8 minutes"},"schema":{"@context":"https:\/\/schema.org","@graph":[{"@type":"WebPage","@id":"https:\/\/dev.katag.net\/impressum\/","url":"https:\/\/dev.katag.net\/impressum\/","name":"Impressum - Katag Development","isPartOf":{"@id":"https:\/\/dev.katag.net\/#website"},"datePublished":"2023-01-18T13:31:49+00:00","dateModified":"2023-10-10T11:43:13+00:00","breadcrumb":{"@id":"https:\/\/dev.katag.net\/impressum\/#breadcrumb"},"inLanguage":"en-US","potentialAction":[{"@type":"ReadAction","target":["https:\/\/dev.katag.net\/impressum\/"]}]},{"@type":"BreadcrumbList","@id":"https:\/\/dev.katag.net\/impressum\/#breadcrumb","itemListElement":[{"@type":"ListItem","position":1,"name":"Startseite","item":"https:\/\/dev.katag.net\/"},{"@type":"ListItem","position":2,"name":"Impressum"}]},{"@type":"WebSite","@id":"https:\/\/dev.katag.net\/#website","url":"https:\/\/dev.katag.net\/","name":"Katag Development","description":"Eine weitere Katag AG Websites Website","potentialAction":[{"@type":"SearchAction","target":{"@type":"EntryPoint","urlTemplate":"https:\/\/dev.katag.net\/?s={search_term_string}"},"query-input":{"@type":"PropertyValueSpecification","valueRequired":true,"valueName":"search_term_string"}}],"inLanguage":"en-US"}]}},"_links":{"self":[{"href":"https:\/\/dev.katag.net\/en\/wp-json\/wp\/v2\/pages\/23","targetHints":{"allow":["GET"]}}],"collection":[{"href":"https:\/\/dev.katag.net\/en\/wp-json\/wp\/v2\/pages"}],"about":[{"href":"https:\/\/dev.katag.net\/en\/wp-json\/wp\/v2\/types\/page"}],"author":[{"embeddable":true,"href":"https:\/\/dev.katag.net\/en\/wp-json\/wp\/v2\/users\/19"}],"replies":[{"embeddable":true,"href":"https:\/\/dev.katag.net\/en\/wp-json\/wp\/v2\/comments?post=23"}],"version-history":[{"count":4,"href":"https:\/\/dev.katag.net\/en\/wp-json\/wp\/v2\/pages\/23\/revisions"}],"predecessor-version":[{"id":4407,"href":"https:\/\/dev.katag.net\/en\/wp-json\/wp\/v2\/pages\/23\/revisions\/4407"}],"wp:attachment":[{"href":"https:\/\/dev.katag.net\/en\/wp-json\/wp\/v2\/media?parent=23"}],"curies":[{"name":"wp","href":"https:\/\/api.w.org\/{rel}","templated":true}]}}